{"id":3788,"date":"2022-11-02T10:51:51","date_gmt":"2022-11-02T10:51:51","guid":{"rendered":"https:\/\/mutare-bucuresti.ro\/?page_id=3788"},"modified":"2025-07-08T13:54:21","modified_gmt":"2025-07-08T13:54:21","slug":"politica-de-utilizare-a-cookie-urilor","status":"publish","type":"page","link":"https:\/\/mutare-bucuresti.ro\/en\/politica-de-utilizare-a-cookie-urilor\/","title":{"rendered":"Cookies"},"content":{"rendered":"<div class=\"brz-root__container brz-reset-all brz\">\n<section id=\"_pduqhiuigojtcvtblvlmybrsyxcksjlhxftm\" class=\"brz-section my-header brz-css-bMpuG\">\n<div class=\"brz-section__content brz-section--fullWidth brz-css-qT8kd brz-css-yPACU\" data-brz-custom-id=\"cdrusgqwartpevkhbmlzmelkgoelqdzfhcfe\">\n<div class=\"brz-container brz-css-wE_jr brz-css-c9l0k\">\n<div class=\"brz-row__container brz-css-oqlUJ\" data-brz-custom-id=\"deslfkaqjsidrfzryworxtupebcwwcauhydv\">\n<div class=\"brz-bg\"><\/div>\n<div class=\"brz-row brz-css-gaHbh brz-css-hMmqn\">\n<div class=\"brz-columns brz-css-loFoi brz-css-kfUjQ brz-css-c4PuP\" data-brz-custom-id=\"spyztzjhzzxtxjxgwlxuvzprmhaknsdckhcr\">\n<div class=\"brz-bg\">\n<div class=\"brz-bg-image\"><\/div>\n<div class=\"brz-bg-color\"><\/div>\n<\/div>\n<div class=\"brz-column__items brz-css-sIadb brz-css-gpS_i\">\n<div class=\"brz-row__container brz-css-oqlUJ\" data-brz-custom-id=\"emoncnhlhxpevaypjaytntbpvsunbmhcnnrs\">\n<div class=\"brz-bg\"><\/div>\n<div class=\"brz-row brz-row--inner brz-css-gaHbh brz-css-hMmqn\">\n<div class=\"brz-columns brz-css-loFoi brz-css-yrcL9\" data-brz-custom-id=\"yjkkctesoivzftsbfqcqtntkgdmrbrgqtuke\">\n<div class=\"brz-bg\"><\/div>\n<div class=\"brz-column__items brz-css-sIadb brz-css-yNsVY\">\n<div id=\"\" class=\"brz-css-rjfBQ brz-wrapper\">\n<div class=\"brz-rich-text brz-rich-text__custom brz-css-sUys4\" data-brz-custom-id=\"vplpgjlgmhstdzknsdpdzhriubxxcruftezg\">\n<div data-brz-translate-text=\"1\">\n<p class=\"brz-text-lg-center brz-text-xs-center brz-tp-lg-heading1 brz-css-z_U0i\" data-generated-css=\"brz-css-ckuep\" data-uniq-id=\"itwza\"><strong class=\"brz-cp-color8\">POLITICA DE UTILIZARE A COOKIE-URILOR<\/strong><\/p>\n<\/div>\n<\/div>\n<\/div>\n<\/div>\n<\/div>\n<\/div>\n<\/div>\n<\/div>\n<\/div>\n<\/div>\n<\/div>\n<\/div>\n<\/div>\n<\/section>\n<section id=\"_gjvxgdayxgqtnczwqiajgnbetqeymmqpvtyp\" class=\"brz-section brz-css-bMpuG\">\n<div class=\"brz-section__content brz-section--boxed brz-css-qT8kd brz-css-te7LI\" data-brz-custom-id=\"fcqwiuxlzmzfubjrevmwulzcxaciflciedzt\">\n<div class=\"brz-bg\"><\/div>\n<div class=\"brz-container brz-css-wE_jr brz-css-thf60\">\n<div id=\"\" class=\"brz-css-rjfBQ brz-wrapper\">\n<div class=\"brz-rich-text brz-rich-text__custom brz-css-sUys4\" data-brz-custom-id=\"gpukifsdoklradtwgwjspgnxpaefrnzzjsoc\">\n<div data-brz-translate-text=\"1\">\n<p class=\"brz-tp-lg-paragraph brz-css-uj2tF\" data-generated-css=\"brz-css-eyrvs\" data-uniq-id=\"ykknq\"><span class=\"brz-cp-color2\">We, Moving Concept and our subsidiaries, hereinafter referred to as \"Sc Moving Concept SRL,\" use cookies and other technologies on our website service (e.g., web pages and browser-based applications) that may be used to collect the information we need to provide features within our website service and improve this service. Some of the cookies used or other technologies require your explicit consent. Please agree to their use so that you can fully utilize all the functions offered by the website service. We draw your attention to this Cookie Policy to comply with our legal obligation and to inform you about the cookies that will be used when you visit our websites and how we protect your privacy.<\/span><\/p>\n<\/div>\n<\/div>\n<\/div>\n<div id=\"\" class=\"brz-css-rjfBQ brz-wrapper\">\n<div class=\"brz-rich-text brz-rich-text__custom brz-css-sUys4\" data-brz-custom-id=\"smwnnxbhvwrydcjnmfyratdhymwxlbsmqsjh\">\n<div data-brz-translate-text=\"1\">\n<p class=\"brz-tp-lg-paragraph brz-css-zMFB6\" data-generated-css=\"brz-css-turui\" data-uniq-id=\"dgvhv\"><span class=\"brz-cp-color2\">&nbsp;In this Cookie Policy, we refer to all technologies, including cookies, web beacons, pixels, tracking scripts, and other client-side programming technologies, which may be used to collect information about users, explain their purpose, scope of use, and inform you about the options you can use to manage and control the behavior of these technologies. Cookies, in the broadest sense of the term, also include third-party content and web services, such as embedding videos, maps, using certain fonts, or providing administrative or other functions integrated into our website service. Such third-party service providers may identify the respective user at any time as they need the user's IP address to provide their services. For the sake of consistency, all these methods are referred to as cookies unless a specific differentiation is made between the specific methods.<\/span><\/p>\n<\/div>\n<\/div>\n<\/div>\n<div id=\"\" class=\"brz-css-rjfBQ brz-wrapper\">\n<div class=\"brz-rich-text brz-rich-text__custom brz-css-sUys4\" data-brz-custom-id=\"jafzplojpdwzghndpzyksxytzollozltwrcj\">\n<div data-brz-translate-text=\"1\">\n<p class=\"brz-tp-lg-paragraph brz-css-p9N3j\" data-uniq-id=\"vrnjy\" data-generated-css=\"brz-css-peguu\"><span class=\"brz-cp-color2\">This Cookie Policy applies to our website service under the domain name \"mutare-bucuresti.ro\" and associated subdomains and other Moving Concept websites that refer (via link) or make reference to this Cookie Policy. This Cookie Policy can be viewed, saved, or printed from our website. By using our website service, you agree to the use of cookies in accordance with this Cookie Policy.<\/span><\/p>\n<\/div>\n<\/div>\n<\/div>\n<div id=\"\" class=\"brz-css-rjfBQ brz-wrapper\">\n<div class=\"brz-rich-text brz-rich-text__custom brz-css-sUys4\" data-brz-custom-id=\"gdloekqrwquqmnpjrhfbgbnswrekzohfenaq\">\n<div data-brz-translate-text=\"1\">\n<p class=\"brz-tp-lg-paragraph brz-css-jCFeO\" data-uniq-id=\"psfry\" data-generated-css=\"brz-css-sfanq\"><span class=\"brz-cp-color2\">Cookies and other technologies are used to add certain features to our website service, such as user recognition, storing user preferences, clear assignment of temporary data related to a process or transaction to a user, storing additional security information during user login to their user account, or collecting information about website usage to improve the design and functionality of the site. These technologies are also used by almost all websites to recognize if the website has been previously accessed from the same device and browser so that they can adjust the displayed content and, in some cases, vary it accordingly.<\/span><\/p>\n<\/div>\n<\/div>\n<\/div>\n<div id=\"\" class=\"brz-css-rjfBQ brz-wrapper\">\n<div class=\"brz-rich-text brz-rich-text__custom brz-css-sUys4\" data-brz-custom-id=\"efedjmvpwjxatywyixsgmuhclvszqlkyvrqi\">\n<div data-brz-translate-text=\"1\">\n<p class=\"brz-tp-lg-paragraph brz-css-aaZpN\" data-generated-css=\"brz-css-hndqz\" data-uniq-id=\"fwdzl\"><span class=\"brz-cp-color2\">Cookies and other technologies may be used by Moving Concept and third-party service providers. This applies to video content, web-based applications, or analytical tools that help us improve our website service and user-generated content, such as clicks on \"Share\" buttons that allow sharing our website content on social networks such as Facebook, LinkedIn, or Twitter. This Cookie Policy applies analogously to third-party cookies. The type of cookie - first-party or third-party - depends on the domain that places that cookie. First-party cookies are cookies placed by the website visited by the user. Third-party cookies are cookies placed by a different domain than the domain of the website visited by the user. Third-party providers place their cookies on the primary provider's website if they provide technologies that the primary provider uses on its website or makes available to its users.<\/span><\/p>\n<\/div>\n<\/div>\n<\/div>\n<div id=\"\" class=\"brz-css-rjfBQ brz-wrapper\">\n<div class=\"brz-rich-text brz-rich-text__custom brz-css-sUys4\" data-brz-custom-id=\"lqcvaiarsufikfhrcihxcjjpxnypgwvmyuis\">\n<div data-brz-translate-text=\"1\">\n<p class=\"brz-tp-lg-paragraph brz-css-rLyrI\" data-uniq-id=\"ekfyn\" data-generated-css=\"brz-css-mhimr\"><span class=\"brz-cp-color2\">Cookies can only be read by the website that placed them. Usually, cookies do not collect personal data stored on your device. Cookies are only a key that could allow a link to personal data if such data were collected. Cookies can be text-based, web beacons, pixels, or scripts.<\/span><\/p>\n<\/div>\n<\/div>\n<\/div>\n<div id=\"\" class=\"brz-css-rjfBQ brz-wrapper\">\n<div class=\"brz-rich-text brz-rich-text__custom brz-css-sUys4\" data-brz-custom-id=\"vjoryotfbctbgoaqszynvqhkaiaxjfqgvdwr\">\n<div data-brz-translate-text=\"1\">\n<p class=\"brz-tp-lg-paragraph brz-css-flhRi\" data-generated-css=\"brz-css-rgfoy\" data-uniq-id=\"exgbp\"><span class=\"brz-cp-color2\">Persistent cookies remain on the device used to visit our website for a specified period of time indicated in the cookie. These cookies are placed during the first visit to our website unless browser settings prevent this and are reactivated each time the user visits the website from the same device where the cookies have already been installed.<\/span><\/p>\n<\/div>\n<\/div>\n<\/div>\n<div id=\"\" class=\"brz-css-rjfBQ brz-wrapper\">\n<div class=\"brz-rich-text brz-rich-text__custom brz-css-sUys4\" data-brz-custom-id=\"ehkewqyixfvzivcwnqsunqffcjymkpknzved\">\n<div data-brz-translate-text=\"1\">\n<p class=\"brz-tp-lg-paragraph brz-css-lE9Tg\" data-generated-css=\"brz-css-jxuqo\" data-uniq-id=\"dwrxv\"><span class=\"brz-cp-color2\">Session cookiesallow website operators to track and connect a user's actions during any browser session. A browser session begins when the browser is opened and ends when the browser is closed. Session cookies are deleted as soon as the browser is closed.<\/span><\/p>\n<\/div>\n<\/div>\n<\/div>\n<div id=\"\" class=\"brz-css-rjfBQ brz-wrapper\">\n<div class=\"brz-rich-text brz-rich-text__custom brz-css-sUys4\" data-brz-custom-id=\"aoikbixroyvnamwgmacvhjcahitliimhfoaq\">\n<div data-brz-translate-text=\"1\">\n<p class=\"brz-tp-lg-paragraph brz-css-fs6ZH\" data-generated-css=\"brz-css-jahxx\" data-uniq-id=\"qxbjo\"><span class=\"brz-cp-color2\">Web beacons and pixels are files that are embedded on a web page and are requested by the user's browser when accessing that particular page. They enable the generation of a log file entry and log file analysis that can be used for statistical purposes. Information such as IP address, browser type, or operating system of the accessing device may be collected.<\/span><\/p>\n<\/div>\n<\/div>\n<\/div>\n<div id=\"\" class=\"brz-css-rjfBQ brz-wrapper\">\n<div class=\"brz-rich-text brz-rich-text__custom brz-css-sUys4\" data-brz-custom-id=\"uooqfgxsfagdizkmrjytnwecoxfizvtgwijr\">\n<div data-brz-translate-text=\"1\">\n<p class=\"brz-tp-lg-paragraph brz-css-qrtUz\" data-generated-css=\"brz-css-weagg\" data-uniq-id=\"rekiq\"><span class=\"brz-cp-color2\">Tracking scripts and other client-side programming technologies are small JavaScript-based programs or programming content based on other technologies that can provide functions allowing browser recognition. For this purpose, data does not need to be placed on the access device. Such technologies are only used if accepted by the user's accessing browser and have been activated.<\/span><\/p>\n<\/div>\n<\/div>\n<\/div>\n<div id=\"\" class=\"brz-css-rjfBQ brz-wrapper\">\n<div class=\"brz-rich-text brz-rich-text__custom brz-css-sUys4\" data-brz-custom-id=\"kvvplmkjnanauqskesvwujjkqnsbtlsohexe\">\n<div data-brz-translate-text=\"1\">\n<p class=\"brz-tp-lg-paragraph brz-css-oiavr\" data-generated-css=\"brz-css-vphql\" data-uniq-id=\"epjfc\"><span class=\"brz-cp-color2\">Since many providers use more than one of the technologies mentioned above, these cookies are listed below according to their purpose and the associated source domain.<\/span><\/p>\n<\/div>\n<\/div>\n<\/div>\n<div id=\"\" class=\"brz-css-rjfBQ brz-wrapper\">\n<div class=\"brz-rich-text brz-rich-text__custom brz-css-sUys4\" data-brz-custom-id=\"bynsirrrtnwvktxfdoxslvouezwmnmbejbye\">\n<div data-brz-translate-text=\"1\">\n<p class=\"brz-tp-lg-paragraph brz-css-mV8An\" data-generated-css=\"brz-css-lbjus\" data-uniq-id=\"yjwrj\"><strong class=\"brz-cp-color2\">What cookies do we use?<\/strong><\/p>\n<\/div>\n<\/div>\n<\/div>\n<div id=\"\" class=\"brz-css-rjfBQ brz-wrapper\">\n<div class=\"brz-rich-text brz-rich-text__custom brz-css-sUys4\" data-brz-custom-id=\"jxeketsfrrzrpqhyspzaicesxozohmfaoxjx\">\n<div data-brz-translate-text=\"1\">\n<p class=\"brz-tp-lg-paragraph brz-css-yXcbc\" data-uniq-id=\"nyolr\" data-generated-css=\"brz-css-jnpwm\"><span class=\"brz-cp-color2\">Cookies are usually classified into five categories based on their function, the technology used, and their purpose: strictly necessary cookies, functional cookies, performance cookies, targeting\/advertising cookies, and social media cookies. Each cookie category serves specific purposes and may be associated with different domains.<\/span><\/p>\n<\/div>\n<\/div>\n<\/div>\n<div id=\"\" class=\"brz-css-rjfBQ brz-wrapper\">\n<div class=\"brz-rich-text brz-rich-text__custom brz-css-sUys4\" data-brz-custom-id=\"kaximajkjyqoxbybqrxqjjznqukwloryvcag\">\n<div data-brz-translate-text=\"1\">\n<p class=\"brz-tp-lg-paragraph brz-css-z01DE\" data-uniq-id=\"oeylg\" data-generated-css=\"brz-css-niieb\"><strong class=\"brz-cp-color2\">Strictly necessary cookies <\/strong><span class=\"brz-cp-color2\">are essential for the operation of our website service and enable basic functions such as user authentication, security, and accessibility. These cookies are always active and cannot be disabled.<\/span><\/p>\n<\/div>\n<\/div>\n<\/div>\n<div id=\"\" class=\"brz-css-rjfBQ brz-wrapper\">\n<div class=\"brz-rich-text brz-rich-text__custom brz-css-sUys4\" data-brz-custom-id=\"dqnjdqnztaudcbkmqlpmyqirbivvnuwzkocn\">\n<div data-brz-translate-text=\"1\">\n<p class=\"brz-tp-lg-paragraph brz-css-zAKLC\" data-uniq-id=\"rkcmc\" data-generated-css=\"brz-css-taatc\"><strong class=\"brz-cp-color2\">Functional cookies<\/strong><span class=\"brz-cp-color2\">enable our website service to provide enhanced functionality and personalization. They may be set by us or by third-party providers whose services we have added to our pages.<\/span><\/p>\n<\/div>\n<\/div>\n<\/div>\n<div id=\"\" class=\"brz-css-rjfBQ brz-wrapper\">\n<div class=\"brz-rich-text brz-rich-text__custom brz-css-sUys4\" data-brz-custom-id=\"brxyhaqhbwzpmjeuvahqwtzbcpyunwxwnkzj\">\n<div data-brz-translate-text=\"1\">\n<p class=\"brz-tp-lg-paragraph brz-css-bBb9k\" data-uniq-id=\"rkcmc\" data-generated-css=\"brz-css-taatc\"><strong class=\"brz-cp-color2\">Functional cookies<\/strong><span class=\"brz-cp-color2\">enable our website service to provide enhanced functionality and personalization. They may be set by us or by third-party providers whose services we have added to our pages.<\/span><\/p>\n<\/div>\n<\/div>\n<\/div>\n<div id=\"\" class=\"brz-css-rjfBQ brz-wrapper\">\n<div class=\"brz-rich-text brz-rich-text__custom brz-css-sUys4\" data-brz-custom-id=\"ynmpmeusfnlixuulakfojuqukfyunwlkhfiz\">\n<div data-brz-translate-text=\"1\">\n<p class=\"brz-tp-lg-paragraph brz-css-kvQUv\" data-uniq-id=\"pjypc\" data-generated-css=\"brz-css-bcvkr\"><strong class=\"brz-cp-color2\">Cookie-uri de analiz\u0103 (statistic\u0103): <\/strong><span class=\"brz-cp-color2\">Performance cookies help us understand how users interact with our website service by collecting and reporting information anonymously. This information allows us to improve the performance and usability of our website service.<\/span><\/p>\n<\/div>\n<\/div>\n<\/div>\n<div id=\"\" class=\"brz-css-rjfBQ brz-wrapper\">\n<div class=\"brz-rich-text brz-rich-text__custom brz-css-sUys4\" data-brz-custom-id=\"xzixpbviljyduqmyzdilctzjwbpkkwwmhmcg\">\n<div data-brz-translate-text=\"1\">\n<p class=\"brz-tp-lg-paragraph brz-css-ilcuF\" data-uniq-id=\"sceis\" data-generated-css=\"brz-css-zwwqv\"><strong class=\"brz-cp-color2\">Targeting\/advertising cookies<\/strong><span class=\"brz-cp-color2\"> are used to deliver relevant advertisements to users based on their interests. They may be used by advertisers to build a profile of the user's interests and show them relevant ads on other sites. Social media cookies allow users to share content from our website service through social media platforms. These cookies may track users' browsing data across multiple websites to build a profile of their interests. This information may be used to customize content and advertising on other sites.<\/span><\/p>\n<\/div>\n<\/div>\n<\/div>\n<div id=\"\" class=\"brz-css-rjfBQ brz-wrapper\">\n<div class=\"brz-rich-text brz-rich-text__custom brz-css-sUys4\" data-brz-custom-id=\"uprdvuoeprlzopambjadmocvvazusyufiwkb\">\n<div data-brz-translate-text=\"1\">\n<p class=\"brz-tp-lg-paragraph brz-css-rdof4\" data-uniq-id=\"hdwoy\" data-generated-css=\"brz-css-yofdu\"><strong class=\"brz-cp-color2\">How do we manage cookies?<\/strong><\/p>\n<\/div>\n<\/div>\n<\/div>\n<div id=\"\" class=\"brz-css-rjfBQ brz-wrapper\">\n<div class=\"brz-rich-text brz-rich-text__custom brz-css-sUys4\" data-brz-custom-id=\"bwnoazzesxieigydtdlhlmqpgavqufwfoshu\">\n<div data-brz-translate-text=\"1\">\n<p class=\"brz-tp-lg-paragraph brz-css-frz9y\" data-generated-css=\"brz-css-myvwz\" data-uniq-id=\"zhepv\"><span class=\"brz-cp-color2\">We use cookies for various reasons, as described above. Unfortunately, there is often no standard procedure to disable cookies without completely disabling the functions that our website service uses. Please note that not all functions of our website service may be available to you if you block, delete, or disable cookies.<\/span><\/p>\n<\/div>\n<\/div>\n<\/div>\n<div id=\"\" class=\"brz-css-rjfBQ brz-wrapper\">\n<div class=\"brz-rich-text brz-rich-text__custom brz-css-sUys4\" data-brz-custom-id=\"qlscewkyrjzjbdpskllmuwmhlkhsmermfxzb\">\n<div data-brz-translate-text=\"1\">\n<p class=\"brz-tp-lg-paragraph brz-css-suXvL\" data-uniq-id=\"xxkaj\" data-generated-css=\"brz-css-ztoay\"><span class=\"brz-cp-color2\">If your consent is required (according to Art. 6(1)(a) of the GDPR) for the use of certain cookies, we will only use such cookies if you have given your prior consent. When you visit one of our web pages, we will display a so-called cookie consent banner that allows you to express your consent regarding the use of cookies within the respective service of the website by clicking a button. By clicking this button, you give your consent to the use of all cookies mentioned in this Cookie Policy. Your consent will also be stored as a cookie module (\"opt-in cookie\") on your device to allow us to check on your next visit to our website whether you have already given your consent. The opt-in cookie has a limited validity period of 12 months.<\/span><\/p>\n<\/div>\n<\/div>\n<\/div>\n<div id=\"\" class=\"brz-css-rjfBQ brz-wrapper\">\n<div class=\"brz-rich-text brz-rich-text__custom brz-css-sUys4\" data-brz-custom-id=\"wihksodrftldcbesvqeezbvkcpxqvrkrrwva\">\n<div data-brz-translate-text=\"1\">\n<p class=\"brz-tp-lg-paragraph brz-css-bAqal\" data-generated-css=\"brz-css-pephs\" data-uniq-id=\"jpfpt\"><span class=\"brz-cp-color2\">We do not need your consent for necessary cookies since, without them, the website cannot be displayed. The data processing is based on our legitimate interest in providing the website and its functionalities (according to Art. 6(1)(f) of the GDPR).<\/span><\/p>\n<\/div>\n<\/div>\n<\/div>\n<div id=\"\" class=\"brz-css-rjfBQ brz-wrapper\">\n<div class=\"brz-rich-text brz-rich-text__custom brz-css-sUys4\" data-brz-custom-id=\"izplogdamxokblieloztoojzjcdhxwdeoyod\">\n<div data-brz-translate-text=\"1\">\n<p class=\"brz-tp-lg-paragraph brz-css-oFRNo\" data-generated-css=\"brz-css-rfchv\" data-uniq-id=\"uflve\"><span class=\"brz-cp-color2\">You can manage, disable, or delete cookies from your browser and permanently prevent cookie acceptance. To do this, you need to activate the browser function that disables cookie storage and\/or browse in data protection mode, depending on the browser you are using. Most browsers allow you to manage cookies by accepting or rejecting all cookies or accepting only certain types of cookies. More information about managing, disabling, and deleting cookies can be found in the help function of your browser.<\/span><\/p>\n<\/div>\n<\/div>\n<\/div>\n<div id=\"\" class=\"brz-css-rjfBQ brz-wrapper\">\n<div class=\"brz-rich-text brz-rich-text__custom brz-css-sUys4\" data-brz-custom-id=\"zojlmzqyctiixlekugawuglxuzcyhsujwraa\">\n<div data-brz-translate-text=\"1\">\n<p class=\"brz-tp-lg-paragraph brz-css-ygo4a\" data-uniq-id=\"tiynu\" data-generated-css=\"brz-css-prnwf\"><span class=\"brz-cp-color2\">Prezenta Politic\u0103 privind cookie-urile poate suferi ocazional modific\u0103ri, de exemplu, \u00een cazul apari\u021biei unor noi prevederi legale sau a unor modific\u0103ri tehnice ale serviciului nostru de site web. Prin urmare, ne rezerv\u0103m dreptul de a modifica prezenta Politic\u0103 privind cookie-urile \u00een orice moment \u0219i f\u0103r\u0103 notificare prealabil\u0103 \u0219i de a folosi cookie-uri suplimentare sau diferite. Politica de cookie-uri astfel modificat\u0103 va intra \u00eentotdeauna \u00een vigoare la data public\u0103rii sale, iar cea mai recent\u0103 versiune a acesteia va fi \u00eentotdeauna disponibil\u0103 pe site-ul nostru web. Dac\u0103 nu sunte\u021bi de acord cu edi\u021bia revizuit\u0103 a Politicii noastre privind cookie-urile, trebuie s\u0103 \u00eenceta\u021bi s\u0103 utiliza\u021bi serviciul nostru de site web. Continuarea utiliz\u0103rii serviciului nostru de site web dup\u0103 ce modific\u0103rile Politicii privind cookie-urile au intrat \u00een vigoare reprezint\u0103 acordul dumneavoastr\u0103 automat cu Politica privind cookie-urile revizuit\u0103. Dac\u0103 ave\u021bi \u00eentreb\u0103ri suplimentare despre utilizarea cookie-urilor \u00een cadrul serviciului nostru de&nbsp;site web, pute\u021bi contacta responsabilul nostru cu protec\u021bia datelor la adresa office@movingconcept.ro.&nbsp;&nbsp;&nbsp;<\/span><\/p>\n<\/div>\n<\/div>\n<\/div>\n<\/div>\n<\/div>\n<\/section>\n<\/div>\n<p>    <!-- version:1736496360 --><\/p>","protected":false},"excerpt":{"rendered":"<p>POLITICA DE UTILIZARE A COOKIE-URILOR Noi, Moving Concept \u0219i filialele noastre, denumite \u00een continuare \u201eSc Moving Concept SRL\u201d, utiliz\u0103m cookie-uri \u0219i alte tehnologii \u00een cadrul serviciului nostru de site web (de exemplu, pe paginile web \u0219i \u00een aplica\u021biile bazate pe browser) care pot fi folosite pentru a colecta informa\u021biile de care avem nevoie spre a [&hellip;]<\/p>","protected":false},"author":2,"featured_media":0,"parent":0,"menu_order":0,"comment_status":"closed","ping_status":"closed","template":"brizy-blank-template.php","meta":{"footnotes":""},"class_list":["post-3788","page","type-page","status-publish","hentry","wpbf-post"],"_links":{"self":[{"href":"https:\/\/mutare-bucuresti.ro\/en\/wp-json\/wp\/v2\/pages\/3788","targetHints":{"allow":["GET"]}}],"collection":[{"href":"https:\/\/mutare-bucuresti.ro\/en\/wp-json\/wp\/v2\/pages"}],"about":[{"href":"https:\/\/mutare-bucuresti.ro\/en\/wp-json\/wp\/v2\/types\/page"}],"author":[{"embeddable":true,"href":"https:\/\/mutare-bucuresti.ro\/en\/wp-json\/wp\/v2\/users\/2"}],"replies":[{"embeddable":true,"href":"https:\/\/mutare-bucuresti.ro\/en\/wp-json\/wp\/v2\/comments?post=3788"}],"version-history":[{"count":4,"href":"https:\/\/mutare-bucuresti.ro\/en\/wp-json\/wp\/v2\/pages\/3788\/revisions"}],"predecessor-version":[{"id":3806,"href":"https:\/\/mutare-bucuresti.ro\/en\/wp-json\/wp\/v2\/pages\/3788\/revisions\/3806"}],"wp:attachment":[{"href":"https:\/\/mutare-bucuresti.ro\/en\/wp-json\/wp\/v2\/media?parent=3788"}],"curies":[{"name":"wp","href":"https:\/\/api.w.org\/{rel}","templated":true}]}}